{"id":85,"date":"2016-10-14T19:50:56","date_gmt":"2016-10-14T19:50:56","guid":{"rendered":"http:\/\/lavox-theater.org\/es\/?page_id=85"},"modified":"2023-11-08T09:47:58","modified_gmt":"2023-11-08T09:47:58","slug":"prensa","status":"publish","type":"page","link":"https:\/\/lavox-theater.org\/es\/prensa\/","title":{"rendered":"Prensa"},"content":{"rendered":"<p>[vc_row][vc_column][vc_column_text]<\/p>\n<h3>Calaca, la Catrina (2022 &#8211; hoy)<\/h3>\n<ul>\n<li><a href=\"https:\/\/www.laregioninternacional.com\/articulo\/en-el-mundo\/trazando-sonrisas-zurich-lavox-theatre-ilumina-escena-teatral-calaca-catrina\/20231107091513282232.html\" target=\"_blank\">Trazando sonrisas en Z\u00farich: LAVOX THEATER ilumina la escena teatral con \u00abCalaca, la Catrina\u00bb;\u00a0laRegion_internacional para los espa\u00f1oles en el mundo; Z\u00farich, 7.11.23<\/a><\/li>\n<li><a href=\"https:\/\/21noticias.com\/2023\/11\/07\/trazando-sonrisas-en-zurich-lavox-theater-ilumina-la-escena-teatral-con-calaca-la-catrina\/\" target=\"_blank\">Trazando sonrisas en Z\u00farich: LAVOX THEATER ilumina la escena teatral con \u00abCalaca, la Catrina\u00bb; 21NOTICIAS Informaci\u00f3n y actualidad de Galicia, Espa\u00f1a y Internacional, 7.11.23<\/a><\/li>\n<li><a href=\"https:\/\/docs.google.com\/document\/d\/1mtRi_3RkaWiw1mlkTBONNCu5MucpqJ-pSbuEZv2nfgw\/edit?usp=sharing\" target=\"_blank\">D\u00eda de muertos; P.S.-Zeitung Z\u00farich, 27.10.23<\/a><\/li>\n<\/ul>\n<h3>Yo, la peor de todas (Sue\u00f1o de Monja &#8211; 2019\/20)<\/h3>\n<ul>\n<li><a href=\"https:\/\/www.lanzadigital.com\/cultura\/el-festival-de-almagro-invita-a-celebrar-el-dia-mundial-del-teatro-con-sor-juana-y-calderon\/\" target=\"_blank\">El Festival de Almagro invita a celebrar el D\u00eda Mundial del Teatro con Sor Juana y Calder\u00f3n; LanzaDigital.com; 25.3.2020<\/a><\/li>\n<li><a href=\"http:\/\/webradio.lora.ch:554\/ramgen\/lora\/archiv\/20200225.rm?start=00:00:00&amp;end=01:00:00&amp;title=Cuatro%20Cuartos&amp;author=Dienstag,%2025.%2002%202020&amp;copyright=%A92020%20Radio%20LoRa%2097,5\" target=\"_blank\">Entrevista con Elizabeth Arciniega de Blanca Maria M\u00fcller;\u00a0Radio LoRa &#8211; Cuatro Cuartos, 25.2.2020<\/a><\/li>\n<li><a href=\"https:\/\/youtu.be\/-OsfjxxYFtE\" target=\"_blank\">Esta actriz mexicana pone en alto el nombre de nuestro pa\u00eds en Suiza haciendo teatro en Espa\u00f1ol; Imagen TV M\u00e9xico, Noticias con Francisco (Paco)\u00a0Zea (Lunes a viernes); 12.2.19<\/a><\/li>\n<\/ul>\n<h3>Yo, la peor de todas (Sue\u00f1o de Monja &#8211; 2018)<\/h3>\n<p><em>Yo, la peor de todas<\/em> es\u00a0el t\u00edtulo adjudicado de la obra <em>Sue\u00f1o de monja<\/em>\u00a0en el 41. Festival Internacional de Teatro Cl\u00e1sico de Almagro (Espa\u00f1a). En cada art\u00edculo esta mencionado la directora Elizabeth Arciniega y la obra <em>Yo, la peor de todas<\/em>.<\/p>\n<p>Desp\u00e9s las primeras funciones<\/p>\n<ul>\n<li><a href=\"http:\/\/www.masescena.es\/index.php\/detalle-teatro\/1164-resaca-de-la-41-edicion-del-festival-internacional-de-teatro-clasico-de-almagro-y-ii\" target=\"_blank\">Resaca 41\u00ba edici\u00f3n del Festival Internacional de Teatro Cl\u00e1sico de Almagro (y II); Mas Escena, 19.8.18<\/a><\/li>\n<li><a href=\"https:\/\/www.facebook.com\/festivaldealmagro\/videos\/2055551551146493\/\" target=\"_blank\">Final Cut:\u00a0V\u00eddeo balance 41\u00aa edici\u00f3n del Festival Internacional de Teatro Cl\u00e1sico de Almagro; Facebook FestivalDeAlmagro, 29.7.18, de 0:59-1:01<\/a><\/li>\n<li><a href=\"https:\/\/www.clm24.es\/articulo\/cultura\/garcia-balance-festival-almagro-revela-estamos-creciendo-espectadores-sentido-patrimonial\/20180727203739213971.html\" target=\"_blank\">Garc\u00eda: &#8216;El Festival de Almagro crece en espectadores y en el sentido patrimonial&#8217;;\u00a0clm24, 27.7.18<\/a><\/li>\n<li><a href=\"http:\/\/www.lacerca.com\/noticias\/ciudad_real\/garcia-balance-festival-almagro-revela-espectadores-sentido-patrimonial-431368-1.html\" target=\"_blank\">Garc\u00eda: \u201cEl balance del Festival de Almagro revela que estamos creciendo en espectadores y en el sentido patrimonial\u201d; LaCerca, 27.7.18<\/a><\/li>\n<li><a href=\"http:\/\/www.europapress.es\/castilla-lamancha\/noticia-garcia-balance-festival-almagro-revela-estamos-creciendo-espectadores-20180727154102.html\" target=\"_blank\">Garc\u00eda: &#8220;El balance del Festival de Almagro revela que estamos creciendo en espectadores&#8221;; EuropaPress, 27.7.18<\/a><\/li>\n<li><a href=\"https:\/\/www.lanzadigital.com\/provincia\/almagro\/sor-juana-ines-de-la-cruz-o-la-voz-feminista-del-siglo-de-oro\/\" target=\"_blank\">Llega a Almagro el alegato feminista del Siglo de Oro que no pudo ocultar la Inquisici\u00f3n; LanzaDigital; 27.7.18<\/a><\/li>\n<\/ul>\n<p>Despu\u00e9s de la conferencia de prensa<\/p>\n<ul>\n<li><a href=\"http:\/\/www.rtve.es\/alacarta\/videos\/oi2\/desde-colombia-quijote-espejo-del-hombre\/4675468\/?t=2m47s\" target=\"_blank\">ALMAGRO 2018 &#8211; Desde Suiza y de Colombia: Quijote, espejo del\u00a0hombre; TV Espa\u00f1ola (TVE), 26.7.18, de 2:47-4:53<\/a><\/li>\n<li><a href=\"https:\/\/www.lanzadigital.com\/cultura\/el-feminismo-de-sor-juana-ines-de-la-cruz\/\" target=\"_blank\">El feminismo de Sor Juana In\u00e9s de la Cruz; LanzaDigital, 25.7.18<\/a><\/li>\n<li><a href=\"http:\/\/www.almagro.es\/noticias\/noticia%20principal218.html\" target=\"_blank\">Vida y obra de Sor Juana In\u00e9s de la Cruz, a escena en el Festival de Almagro; www.Almagro.es; 24.7.18<\/a><\/li>\n<li><a href=\"http:\/\/www.rtve.es\/alacarta\/videos\/oi2\/almagro-2018-concierto-poetas-canciones-oro\/4673974\/?t=9m29s\" target=\"_blank\">ALMAGRO 2018 &#8211; Concierto &#8220;Poetas y Canciones de Oro&#8221;; TV Espa\u00f1ola (TVE), 24.7.18, de 9:47-9:52<\/a><\/li>\n<li><a href=\"http:\/\/lavox-theater.org\/es\/wp-content\/uploads\/sites\/2\/2016\/10\/Pressebericht-LaVox-Theater-nach-Konferenz-Almagro-LaTribunaDeCuidadReal_20180724.pdf\">Con nombre de mujer; La Tribuna de Cuidad Real, 24.7.18<\/a><\/li>\n<li><a href=\"https:\/\/youtu.be\/oowa3Xbmm_o\" target=\"_blank\">Contribuci\u00f3n de la televisi\u00f3n en el programa &#8220;la primera&#8221;; TV Espa\u00f1ola (TVE), 23.7.18<\/a><\/li>\n<li><a href=\"http:\/\/festivaldealmagro.com\/es\/uploads\/notas_prensa\/nota-de-prensa-yo-la-peor-de-todas-y-ade.pdf\" target=\"_blank\">Vida y obra de Sor Juana In\u00e9s de la Cruz, a escena en el Festival de Almagro;\u00a0FestivalDeAlmagro.com, 23.7.18<\/a><\/li>\n<li><a href=\"http:\/\/ecodiario.eleconomista.es\/cultura\/noticias\/9290974\/07\/18\/La-apuesta-femenina-del-Festival-de-Almagro-acaba-con-Yo-la-peor-de-todas.html\" target=\"_blank\">La apuesta femenina del Festival de Almagro acaba con &#8220;Yo, la peor de todas&#8221;; El Economista; 23.7.18<\/a><\/li>\n<li><a href=\"https:\/\/www.lavanguardia.com\/vida\/20180723\/451052181515\/la-apuesta-femenina-del-festival-de-almagro-acaba-con-yo-la-peor-de-todas.html\" target=\"_blank\">La apuesta femenina del Festival de Almagro acaba con &#8220;Yo, la peor de todas&#8221;; La Vanguarida, 23.7.18<\/a><\/li>\n<li><a href=\"https:\/\/eldiadigital.es\/not\/265140\/vida-y-obra-de-sor-juana-ines-de-la-cruz-a-escena-en-el-festival-de-almagro\/\" target=\"_blank\">Vida y obra de Sor Juana In\u00e9s de la Cruz, a escena en el Festival de Almagro; El Dia Digital, 23.7.18<\/a><\/li>\n<li><a href=\"https:\/\/www.eldiario.es\/cultura\/apuesta-femenina-Festival-Almagro-acaba_0_795821113.html\" target=\"_blank\">La apuesta femenina del Festival de Almagro acaba con &#8220;Yo, la peor de todas&#8221;; El Diario, 23.7.18<\/a><\/li>\n<li><a href=\"https:\/\/www.ciudadrealdigital.es\/noticias\/47530\/Vida\/y\/obra\/de\/Sor\/Juana\/Ines\/de\/la\/Cruz\/a\/escena\/en\/el\/Festival\/de\/Almagro\" target=\"_blank\">Vida y obra de Sor Juana In\u00e9s de la Cruz, a escena en el Festival de Almagro; Ciudad Real Digital; 23.7.18<\/a><\/li>\n<li><a href=\"https:\/\/www.clm24.es\/articulo\/cultura\/apuesta-femenina-festival-almagro-acaba-peor-todas\/20180723173037213310.html\" target=\"_blank\">La apuesta femenina del Festival de Almagro acaba con &#8216;Yo, la peor de todas&#8217;;\u00a0CLM24.es; 23.7.18<\/a><\/li>\n<li><a href=\"http:\/\/www.elecodevaldepenas.es\/texto-diario\/mostrar\/1144775\/vida-obra-sor-juana-ines-cruz-escena-festival-almagro\" target=\"_blank\">Vida y obra de Sor Juana In\u00e9s de la Cruz, a escena en el Festival de Almagro; El Eco de Valdepe\u00f1as; 23.7.18<\/a><\/li>\n<li><a href=\"https:\/\/www.lanzadigital.com\/cultura\/llega-desde-suiza-yo-la-peor-de-todas-una-obra-sobre-la-vida-rebelde-y-valiente-de-sor-juana-ines-de-la-cruz\/\" target=\"_blank\">Llega desde Suiza \u2018Yo, la peor de todas\u2019, una obra sobre la vida rebelde y valiente de Sor Juana In\u00e9s de la Cruz; LanzaDigital; 23.7.18<\/a><\/li>\n<li><a href=\"http:\/\/agencias.abc.es\/agencias\/noticia.asp?noticia=2876638\" target=\"_blank\">La apuesta femenina del Festival de Almagro acaba con &#8220;Yo, la peor de todas&#8221;; Agencias ABC, 23.7.18 14:22<\/a><\/li>\n<li><a href=\"https:\/\/www.elconfidencial.com\/ultima-hora-en-vivo\/2018-07-23\/la-apuesta-femenina-del-festival-de-almagro-acaba-con-yo-la-peor-de-todas_1579948\/\" target=\"_blank\">La apuesta femenina del Festival de Almagro acaba con &#8220;Yo, la peor de todas&#8221;; El Confidencial, 23.7.18 14:41<\/a><\/li>\n<li>Entrevista con Elizabeth Arciniega y Elvira Delgado\u00a0en el\u00a0programa &#8220;Coctel Latino&#8221;; Radio Lora Z\u00farich, 10.7.18<\/li>\n<li><a href=\"https:\/\/www.abc.es\/espana\/castilla-la-mancha\/abci-festival-siglo-y-teatro-america-latina-protagonistas-festival-almagro-201807032057_noticia.html\" target=\"_blank\">El Siglo de Oro y el teatro de Am\u00e9rica Latina, protagonistas en el Festival de Almagro; ABC Castilla La Mancha, 5.7.18<\/a><\/li>\n<li>Entrevista con Elizabeth Arciniega en el\u00a0programa &#8220;Coctel Latino&#8221;; Radio Lora Z\u00farich, 26.6.18<\/li>\n<li><a href=\"http:\/\/lavox-theater.org\/es\/wp-content\/uploads\/sites\/2\/2016\/10\/MH-227-ElizabethArciniega-LaVoxTheater_201806.pdf\">La entrevista con Elizabeth Arciniega; Mundo Hispanico, No. 227, Julio 2018<\/a><\/li>\n<li><a href=\"http:\/\/divainternational.ch\/le-festival-d-almagro-sur-la-route-de-don-quichotte.html?var_mode=calcul\" target=\"_blank\">Le festival d\u2019Almagro sur la route de Don Quichotte; Diva international,\u00a0Culture, 15.5.18<\/a><\/li>\n<\/ul>\n<p>Anunciaci\u00f3n del programa del festival<\/p>\n<ul>\n<li><a href=\"https:\/\/querevientenlosartistas.wordpress.com\/2018\/04\/19\/sonemos-alma-sonemos-otra-vez-en-el-festival-de-almagro-2018\/\" target=\"_blank\">El Festival de Almagro, centro mundial del pensamiento sobre Siglo de Oro para 500 millones de hispanohablantes; Actualidad Valdepe\u00f1as; 18.4.18<\/a><\/li>\n<li><a href=\"http:\/\/www.lavozdepuertollano.es\/web\/contenido\/region\/el-festival-de-almagro-centro-mundial-del-pensamiento-sobre-siglo-de-oro-para-500-millones-de-hispanohablantes14376.html\" target=\"_blank\">EL FESTIVAL DE ALMAGRO, CENTRO MUNDIAL DEL PENSAMIENTO SOBRE SIGLO DE ORO PARA 500 MILLONES DE HISPANOHABLANTES; LavOz, 18.4.18<\/a><\/li>\n<li><a href=\"https:\/\/querevientenlosartistas.wordpress.com\/2018\/04\/19\/sonemos-alma-sonemos-otra-vez-en-el-festival-de-almagro-2018\/\" target=\"_blank\">\u201cSo\u00f1emos, alma, so\u00f1emos otra vez\u201d en el Festival de Almagro 2018; Que Revienten Los Artistas (Revista digital de Artes esc\u00e9nicas),\u00a0Luis Garc\u00eda-Grande, 17.4.18<\/a><\/li>\n<li><a href=\"https:\/\/www.larazon.es\/cultura\/teatro\/festival-internacional-de-teatro-clasico-de-almagro-AL18132323\" target=\"_blank\">Festival Internacional de Teatro Cl\u00e1sico de Almagro; El razon, Juan Beltr\u00e1n Cruz,\u00a0Cuidad Real, 17.4.18<\/a><\/li>\n<li><a href=\"http:\/\/almagropost.blogspot.ch\/\" target=\"_blank\">Uno de los carteles m\u00e1s bonitos de los \u00faltimos tiempos; Almagro Post, Almagro; 17.4.18<\/a><\/li>\n<li><a href=\"http:\/\/objetivodigital.com\/119965\/cultura\/festival-internacional-de-teatro-clasico-de-almagro\/\" target=\"_blank\">Festival Internacional de Teatro Cl\u00e1sico de Almagro; Objecitvo Digital, Madrid; 17.4.18<\/a><\/li>\n<li><a href=\"https:\/\/www.lanzadigital.com\/cultura\/festival-almagro-centro-mundial-del-pensamiento-siglo-oro-500-millones-hispanohablantes\/\" target=\"_blank\">Emilio Guti\u00e9rrez Caba, Ver\u00f3nica Forqu\u00e9, Fele Mart\u00ednez y Pepe Viyuela, entre los protagonistas del 41\u00ba Festival de Almagro; Lanza, Madrid; 16.4.18<\/a><\/li>\n<li><a href=\"http:\/\/www.elcultural.com\/noticias\/escenarios\/Ignacio-Garcia-reivindica-el-Festival-de-Almagro-como-reserva-natural-del-Siglo-de-Oro\/11992\" target=\"_blank\">Ignacio Garc\u00eda reivindica el Festival de Almagro como &#8220;reserva natural del Siglo de Oro&#8221;; El cultural, Alberto Ojeda, Madrid; 16.4.18<\/a><\/li>\n<li><a href=\"http:\/\/www.lacerca.com\/noticias\/ciudad_real\/festival-almagro-centro-pensamiento-siglo-oro-millones-hispanohablantes-415803-1.html\" target=\"_blank\">El Festival de Almagro, centro mundial del pensamiento sobre Siglo de Oro para 500 millones de hispanohablantes; La Cerca, Castilla-La Mancha; 16.4.18<\/a><\/li>\n<li><a href=\"https:\/\/elpais.com\/cultura\/2018\/04\/16\/actualidad\/1523886066_447211.html\" target=\"_blank\">Almagro comparte el Siglo de Oro con el mundo hispanohablante; El Pa\u00eds, Rocio Garcia, Madrid; 16.4.18<\/a><\/li>\n<li><a href=\"http:\/\/elcrisoldeciudadreal.es\/2018\/04\/16\/117883\/el-festival-de-almagro-presenta-su-41-edicion-con-la-intencion-de-sonar-alma\/\" target=\"_blank\">El Festival de Almagro presenta su 41 edici\u00f3n con la intenci\u00f3n de \u201cso\u00f1ar alma\u201d; El Crisol, Cuidad Real; 16.4.18<\/a><\/li>\n<li><a href=\"http:\/\/www.mascastillalamancha.com\/2018\/04\/16\/el-festival-de-almagro-centro-mundial-del-pensamiento-sobre-siglo-de-oro-para-500-millones-de-hispanohablantes\/\" target=\"_blank\">EL FESTIVAL DE ALMAGRO, CENTRO MUNDIAL DEL PENSAMIENTO SOBRE SIGLO DE ORO PARA 500 MILLONES DE HISPANOHABLANTES; MAS Castilla La Mancha; 16.4.18<\/a><\/li>\n<\/ul>\n<h3>Sue\u00f1o de Monja\u00a0(2016-17)<\/h3>\n<ul>\n<li><a href=\"https:\/\/youtu.be\/MiYprHu9h8Y\" target=\"_blank\">Entrevista con Elizabeth Arciniega y S\u00e9bastien Pruvost en el\u00a0programa &#8220;Coctel Latino&#8221;; Radio Lora Z<\/a><a href=\"http:\/\/www.swissinfo.ch\/spa\/sue%C3%B1o-de-una-monja-libertaria_mirada-suiza-a-la-mexican%C3%ADsima-sor-juana\/42782568?&amp;ns_mchannel=rss&amp;srg_evsource=rss\">\u00fa<\/a><a href=\"https:\/\/youtu.be\/MiYprHu9h8Y\" target=\"_blank\">rich, 2.3.17<\/a><\/li>\n<li><a href=\"http:\/\/www.swissinfo.ch\/spa\/sue%C3%B1o-de-una-monja-libertaria_mirada-suiza-a-la-mexican%C3%ADsima-sor-juana\/42782568?&amp;ns_mchannel=rss&amp;srg_evsource=rss\">Mirada suiza a la mexican\u00edsima Sor Juana; Art\u00edculo\/entrevista en Swissinfo.ch por\u00a0Araceli Rico, Z\u00farich ; 22.12.16<\/a><\/li>\n<li><a href=\"https:\/\/youtu.be\/bGtIcIFzXAU\" target=\"_blank\">Reportaje (Video) sobre LaVox Theater de la premier de &#8220;Sue\u00f1o de monja&#8221;; Topproductions &amp; Sextosol Studios, Dec2016<\/a><\/li>\n<li><a href=\"https:\/\/www.facebook.com\/lasuiza.ch\/videos\/618723401664551\/\">Entrevista con la actriz Elizabeth Arciniega, protagonista de la obra &#8220;Sue\u00f1o de Monja&#8221;&#8230; Celebrando los 70 a\u00f1os de relaciones diplomaticas entre Mexico y Suiza <span class=\"_5mfr _47e3\"><img loading=\"lazy\" decoding=\"async\" class=\"img\" src=\"https:\/\/www.facebook.com\/images\/emoji.php\/v6\/f50\/1\/16\/1f1f2_1f1fd.png\" alt=\"\" width=\"16\" height=\"16\" \/><span class=\"_7oe\">??<\/span><\/span> <span class=\"_5mfr _47e3\"><img loading=\"lazy\" decoding=\"async\" class=\"img\" src=\"https:\/\/www.facebook.com\/images\/emoji.php\/v6\/fd8\/1\/16\/1f1e8_1f1ed.png\" alt=\"\" width=\"16\" height=\"16\" \/>; LaSuiza Magazin, Facebook, 30.11.16<\/span><\/a><\/li>\n<li>\n<div><a href=\"https:\/\/www.facebook.com\/lasuiza.ch\/videos\/618673338336224\/\">Entrevista con el embajador de Mexico Jorge Castro-Valle, Invitado especial en la premiere de la obra teatral &#8220;Sue\u00f1o de Monja&#8221;;\u00a0LaSuiza Magazin; Facebook; 30.11.16<\/a><\/div>\n<\/li>\n<\/ul>\n<h3>Biograf\u00eda de Mujer (2013)<\/h3>\n<ul>\n<li><a href=\"http:\/\/lavox-theater.org\/es\/wp-content\/uploads\/sites\/2\/2016\/10\/Reportaje-Mundo-Hisp\u00e1nico-sobre-LaVox-Theater-con-Biograf\u00eda-de-Mujer-20130724.pdf\" target=\"_blank\">Una biograf\u00eda en tres actos; Art\u00edculo de Mundo Hisp\u00e1nico por Pepa Echanove; Julio 2013<\/a><\/li>\n<li><a title=\"Articulo de prensa LaVox Theater \" href=\"http:\/\/www.latino.ch\/news_view.php?idnews=5471\" target=\"_blank\">Esta vez no se la pueden perder!LaVox Theater\u00a0presenta nuevamente &#8220;Biograf\u00eda de Mujer; art\u00edculo de latino.ch; 26.5.13<\/a><\/li>\n<\/ul>\n<h3>Biograf\u00eda de Mujer (2012)<\/h3>\n<ul>\n<li><a href=\"http:\/\/www.valentinatruneanu.com\/juntas-pero-no-revueltas-biografia-de-mujer-por-lavox-theater\/\">Juntas pero no revueltas: \u201cBiograf\u00eda de mujer\u201d, por LaVox Theater; Art\u00edculo en valentinatruneanu.com por Valentina Truneanu; 20.3.2012<\/a><\/li>\n<li><a href=\"http:\/\/helvetiahispanica.ch\/juntas-pero-no-revueltas-biografia-de-mujer-por-lavox-theater\/\" target=\"_blank\">Juntas pero no revueltas: &#8220;Biograf\u00eda de Mujer&#8221; por LaVox Theater; Blog de HispanicaHelvetica.ch; 18.4.12<\/a>\u00a0(este enlace ya no se encuentro disponible)<\/li>\n<li><a href=\"http:\/\/www.latino.ch\/news_view.php?idnews=5241\" target=\"_blank\">Aplausos para LaVox Theater con &#8220;Biograf\u00eda de Mujer&#8221;; Art\u00edculo de Latino.ch por\u00a0Lara Saubidet (Texto)<br \/>\ny Juli\u00e1n Jurth (Fotos); 13.3.12<\/a><\/li>\n<li><a href=\"http:\/\/www.swissinfo.ch\/spa\/cultura\/Biografia_de_mujer_,_teatro_en_espanol_en_Suiza.html?cid=32348866\" target=\"_blank\">Biograf\u00eda de Mujer, teatro en espa\u00f1ol en Suiza; Articulo en Swissinfo.ch por Aracel\u00ed Rico; 25.3.12<\/a><\/li>\n<\/ul>\n<h3>Rosa de dos Aromas (2010)<\/h3>\n<ul>\n<li><a href=\"http:\/\/www.hebdohispano.com\/index.php\/gente\/farandula\/339-deja-huella-en-suiza-a-traves-del-teatro.html?lang=es\">Deja huella en Suiza a trav\u00e9s del teatro &#8211; Hebdohispano.com; 22.6.2010<\/a>\u00a0(este enlace ya no se encuentro disponible)<\/li>\n<li><a href=\"http:\/\/www.liberal.com.mx\/portal\/nota.php?id=89435\" target=\"_blank\">Art\u00edculo del homenaje al Emilio Carballido: Llega a Siuza exposici\u00f3n &#8220;De viaje por Veravruz&#8221;\u00a0&#8211;\u00a0Periodico &#8220;Liberal en l\u00ednea&#8221; de Veracruz M\u00e9xico; 18.6.2010<\/a>\u00a0(este enlace ya no se encuentro disponible)<\/li>\n<li><a href=\"http:\/\/www.hebdohispano.com\/index.php\/es\/arte-y-entretenimiento\/cultura-y-espectaculos\/311-homenaje-a-emilio-carballido-en-lausanne.html\" target=\"_blank\">Homenaje a Emilio Carballido en Lausanne de LaVox Theater &#8211;\u00a0La voz de Am\u00e9rica Latina en Hebdohispano.com; 15.6.2010<\/a>\u00a0(este enlace ya no se encuentro disponible)<\/li>\n<li><a href=\"http:\/\/www.puntolatino.ch\/index.php?option=com_content&amp;view=article&amp;catid=452:teatro-entrevistas&amp;id=2289:teatro-entrevista-a-elizabeth-arciniega-mexico\" target=\"_blank\">Entrevista a Elizabeth Arciniega de PUNTOLATINO por Luis Vel\u00e9z; 14.5.2010<\/a><\/li>\n<li><a href=\"http:\/\/www.puntolatino.ch\/index.php?option=com_content&amp;view=article&amp;catid=397:opinion-teatro&amp;id=2053:rosa-de-dos-aromas-ana-maria-steiner\" target=\"_blank\">Steiner Ana-Mar\u00eda nota Rosa de dos Aromas (M\u00e9x) MAR 2010; Art\u00edculo en\u00a0PuntoLatino.ch por<\/a><a href=\"http:\/\/www.puntolatino.ch\/index.php?option=com_content&amp;view=article&amp;catid=397:opinion-teatro&amp;id=2053:rosa-de-dos-aromas-ana-maria-steiner\" target=\"_blank\">\u00a0Ana-Mar\u00eda Steiner<\/a>;<a href=\"http:\/\/www.puntolatino.ch\/index.php?option=com_content&amp;view=article&amp;catid=397:opinion-teatro&amp;id=2053:rosa-de-dos-aromas-ana-maria-steiner\" target=\"_blank\">\u00a011.3.2010<\/a><\/li>\n<\/ul>\n<h3><span style=\"line-height: 1.5;\">Rosa de dos Aromas (2008)<\/span><\/h3>\n<ul>\n<li><a href=\"http:\/\/elizabetharciniega.ch\/presse\/\" target=\"_self\">Entrevista de Mundo Hisp\u00e1nico por Maritza L\u00f3pez &#8211; Lasso; Octubre 2008<\/a>\u00a0(este enlace ya no se encuentro disponible)<\/li>\n<li><a href=\"http:\/\/www.swissinfo.ch\/spa\/portada\/Rosa_de_dos_aromas_en_Suiza.html?siteSect=105&amp;sid=8903257&amp;cKey=1206727905000&amp;ty=st\" target=\"_blank\">Art\u00edculo\u00a0sobre las actrizes de SwissInfo.ch por Patricia Islas, 29.3.2008<\/a><\/li>\n<li><a href=\"http:\/\/www.swissinfo.ch\/spa\/index.html?siteSect=15050&amp;sid=8906619&amp;autoPlay=y\" target=\"_blank\">&#8216;Rosa de dos aromas&#8217; en Z\u00farich; Entrevista\u00a0con Elizabeth Arcinega Haag, Csilla M\u00f3rocz\u00a0y el grupo LaVox Theater de swissinfo.ch por Patricia Islas; 28.3.2008<\/a><\/li>\n<li>Entrevista\u00a0con Elizabeth Aciniega\u00a0Haag de Radio Lora Zurich, 11.3.2008 ==&gt; <a href=\"http:\/\/195.210.0.134:554\/ramgen\/lora\/archiv\/20080311.rm?start=22:00:00&amp;end=23:00:00&amp;title=Acaricia%20mi%20ensue%C3%B1o&amp;author=Dienstag,%2011.03.2008&amp;copyright=%C2%A92008%20Radio%20LoRa%2097,5\" target=\"_blank\">Con RealPlayer:<\/a>\u00a0El inicio a las 33min30sec, el fin a las 58min00sec del espacio\u00a0(este enlace ya no se encuentro disponible)<\/li>\n<\/ul>\n<p>[\/vc_column_text][\/vc_column][\/vc_row]<\/p>\n","protected":false},"excerpt":{"rendered":"<p>[vc_row][vc_column][vc_column_text] Calaca, la Catrina (2022 &#8211; hoy) Trazando sonrisas en Z\u00farich: LAVOX THEATER ilumina la escena teatral con \u00abCalaca, la Catrina\u00bb;\u00a0laRegion_internacional para los espa\u00f1oles en el mundo; Z\u00farich, 7.11.23 Trazando sonrisas en Z\u00farich: LAVOX THEATER ilumina la escena teatral con \u00abCalaca, la Catrina\u00bb; 21NOTICIAS Informaci\u00f3n y actualidad de Galicia, Espa\u00f1a y Internacional, 7.11.23 D\u00eda de [&hellip;]<\/p>\n","protected":false},"author":1,"featured_media":0,"parent":0,"menu_order":0,"comment_status":"closed","ping_status":"closed","template":"","meta":{"footnotes":""},"class_list":["post-85","page","type-page","status-publish","hentry"],"_links":{"self":[{"href":"https:\/\/lavox-theater.org\/es\/wp-json\/wp\/v2\/pages\/85"}],"collection":[{"href":"https:\/\/lavox-theater.org\/es\/wp-json\/wp\/v2\/pages"}],"about":[{"href":"https:\/\/lavox-theater.org\/es\/wp-json\/wp\/v2\/types\/page"}],"author":[{"embeddable":true,"href":"https:\/\/lavox-theater.org\/es\/wp-json\/wp\/v2\/users\/1"}],"replies":[{"embeddable":true,"href":"https:\/\/lavox-theater.org\/es\/wp-json\/wp\/v2\/comments?post=85"}],"version-history":[{"count":71,"href":"https:\/\/lavox-theater.org\/es\/wp-json\/wp\/v2\/pages\/85\/revisions"}],"predecessor-version":[{"id":1043,"href":"https:\/\/lavox-theater.org\/es\/wp-json\/wp\/v2\/pages\/85\/revisions\/1043"}],"wp:attachment":[{"href":"https:\/\/lavox-theater.org\/es\/wp-json\/wp\/v2\/media?parent=85"}],"curies":[{"name":"wp","href":"https:\/\/api.w.org\/{rel}","templated":true}]}}